{"id":350,"date":"2020-08-28T01:24:48","date_gmt":"2020-08-28T01:24:48","guid":{"rendered":"https:\/\/bioinfo.imdik.pan.pl\/coronavirus-service\/?page_id=350"},"modified":"2020-08-28T01:25:46","modified_gmt":"2020-08-28T01:25:46","slug":"leki-przeciwwirusowe-covid-19","status":"publish","type":"page","link":"https:\/\/bioinfo.imdik.pan.pl\/coronavirus-service\/mesmerize\/leki-przeciwwirusowe-covid-19\/","title":{"rendered":"Leki przeciwwirusowe &#8211; COVID-19"},"content":{"rendered":"\n<p>Ca\u0142y czas trwaj\u0105 poszukiwania lek\u00f3w skutecznych w leczeniu COVID-19. W walk\u0119 z wirusem SARS-CoV-2 w\u0142\u0105czeni s\u0105 naukowcy z ca\u0142ego \u015bwiata. Idea dzia\u0142ania lek\u00f3w przeciwwirusowych przedstawiona jest w rozdziale \u201eKoncepcja dzia\u0142ania lek\u00f3w przeciwwirusowych\u201d na przyk\u0142adzie r\u00f3\u017cnych lek\u00f3w \u2013 nie zwi\u0105zanych z COVID-19. W tym rozdziale przedstawione zostan\u0105 potencjalne leki na COVID-19. Na rysunku 1 przedstawiono miejsca uchwytu dla kilku lek\u00f3w.\u00a0<\/p>\n\n\n\n<figure class=\"wp-block-image size-large\"><img loading=\"lazy\" width=\"785\" height=\"572\" src=\"https:\/\/bioinfo.imdik.pan.pl\/coronavirus-service\/wp-content\/uploads\/2020\/08\/image27.png\" alt=\"\" class=\"wp-image-352\" srcset=\"https:\/\/bioinfo.imdik.pan.pl\/coronavirus-service\/wp-content\/uploads\/2020\/08\/image27.png 785w, https:\/\/bioinfo.imdik.pan.pl\/coronavirus-service\/wp-content\/uploads\/2020\/08\/image27-300x219.png 300w, https:\/\/bioinfo.imdik.pan.pl\/coronavirus-service\/wp-content\/uploads\/2020\/08\/image27-768x560.png 768w\" sizes=\"(max-width: 785px) 100vw, 785px\" \/><figcaption>Rysunek 1. Miejsca dzia\u0142ania potencjalnych lek\u00f3w na COVID-19 <sup>[1]<\/sup>. ACE2- enzym konwertuj\u0105cy angiotensyn\u0119 2; Bia\u0142ko S &#8211; bia\u0142ko szczytowe;\u00a0 TMPRSS2 &#8211; transb\u0142onowa proteaza serynowa typu 2.<\/figcaption><\/figure>\n\n\n\n<p>Leki te mog\u0105 mie\u0107 za zadanie np. utrudnienie\/uniemo\u017cliwienie wnikni\u0119cia wirusa do kom\u00f3rki gospodarza, utrudnienie endocytozy, przeszkodzenie na szlaku syntezy RNA i bia\u0142ek wirusa. Leki skuteczne w leczeniu innych chor\u00f3b\/zaka\u017ce\u0144 mog\u0105 dzia\u0142a\u0107 r\u00f3wnie\u017c przeciwwirusowo. Szereg lek\u00f3w jest obecnie testowanych, m. in s\u0105 to leki antymalaryczne, a tak\u017ce leki przeciw wirusowi HIV. Ich nazwa, wz\u00f3r chemiczny i opis dzia\u0142ania zosta\u0142y przedstawione odpowiednio w tabeli 1 i tabeli 2. W tabeli 3 przedstawiono z kolei przyk\u0142ady antybiotyk\u00f3w badanych pod k\u0105tem w\u0142a\u015bciwo\u015bci przeciwwirusowych.<\/p>\n\n\n\n<p>Strategie obrane w walce z wirusem SARS-CoV-2, wynikaj\u0105 z blokowania pewnych strategicznych miejsc w otoczce\/wn\u0119trzu wirusa. Zalicza si\u0119 do nich:<\/p>\n\n\n\n<p>&#8211; inhibitory proteazy M<sup>pro<\/sup>&nbsp;<\/p>\n\n\n\n<p>Proteaza ta jest g\u0142\u00f3wn\u0105 proteaz\u0105 wirusa SARS-CoV-2 odpowiedzialn\u0105 za proces ci\u0119cia bia\u0142ek wirusa i jego replikacj\u0119. Zahamowanie tego enzymu utrudni\u0142oby lub wr\u0119cz uniemo\u017cliwi\u0142o doko\u0144czenie przez wirusa procesu replikacyjnego. W\u015br\u00f3d inhibitor\u00f3w rozwa\u017cane s\u0105 leki stosowane obecnie w terapii HIV.<\/p>\n\n\n\n<p>&#8211; inhibitory wi\u0105zania z receptorem ACE-2<\/p>\n\n\n\n<p>Inhibitory polimerowe HTCC wykazuj\u0105 wysok\u0105 zdolno\u015b\u0107 wi\u0105zania glikoproteiny S wirusa, co uniemo\u017cliwia\u0142oby wi\u0105zanie wirusa z receptorem ACE-2 i wnikni\u0119cie wirusa do kom\u00f3rki.<\/p>\n\n\n\n<p>&#8211; inhibitory TMPRSS2 (transb\u0142onowa proteaza serynowa typu 2)<\/p>\n\n\n\n<p>Enzym TMPRSS2 jest niezb\u0119dny w rozmna\u017caniu wirusa. Potencjalnym inhibitorem tego enzymu jest camostat- lek stosowany w przewlek\u0142ym zapaleniu trzustki oraz bromheksyna.<\/p>\n\n\n\n<p>W\u0142a\u015bciwo\u015bci przeciwwirusowe leki przeciwmalarycznych s\u0105 badane od lat. Teraz trwaj\u0105 badania zdolno\u015bci tych lek\u00f3w do zwalczania wirusa SARS-CoV-2. Prawdopodobnie leki te, g\u0142ownie pochodne <em>chininy <\/em>i <em>artemizyny<\/em>, hamuj\u0105 replikacj\u0119 wirusa, a tak\u017ce mog\u0105 dzia\u0142a\u0107 w mechanizmie hamowania wirusa zaraz po wnikni\u0119ciu do kom\u00f3rki jak np. <em>chlorochina <sup>[2][3]<\/sup><\/em>.\u00a0<\/p>\n\n\n\n<figure class=\"wp-block-image size-large\"><img loading=\"lazy\" width=\"644\" height=\"760\" src=\"https:\/\/bioinfo.imdik.pan.pl\/coronavirus-service\/wp-content\/uploads\/2020\/08\/1tab.png\" alt=\"\" class=\"wp-image-354\" srcset=\"https:\/\/bioinfo.imdik.pan.pl\/coronavirus-service\/wp-content\/uploads\/2020\/08\/1tab.png 644w, https:\/\/bioinfo.imdik.pan.pl\/coronavirus-service\/wp-content\/uploads\/2020\/08\/1tab-254x300.png 254w\" sizes=\"(max-width: 644px) 100vw, 644px\" \/><figcaption>Tabela 1. Zwi\u0105zki antymalaryczne testowane w zastosowaniu do infekcji COVID-19.<br><\/figcaption><\/figure>\n\n\n\n<p>Badane s\u0105 r\u00f3wnie\u017c leki stosowane w leczeniu wirusa HIV \u2013 inhibitory proteazy. Hamowanie proteazy HIV uniemo\u017cliwia oddzia\u0142ywanie enzymu z prekursorem poliproteinowym gag-pol, prowadz\u0105c do wytwarzania cz\u0105steczek HIV o&nbsp;niedojrza\u0142ej strukturze. Cz\u0105steczki te nie s\u0105 zdolne do zapocz\u0105tkowania kolejnego cyklu zaka\u017cenia. Inhibitory proteazy HIV np. <em>ritonavir<\/em> wykazuj\u0105 wybi\u00f3rcze powinowactwo do proteazy HIV, nie hamuj\u0105c przy tym aktywno\u015bci proteazy aspartylowej wyst\u0119puj\u0105cej w organizmie cz\u0142owieka.&nbsp;<\/p>\n\n\n\n<p>Leki z grupy inhibitor\u00f3w proteazy testowane s\u0105 w hamowaniu proteazy wirusa SARS-CoV-2 i zosta\u0142y przedstawione w Tabeli 2.<\/p>\n\n\n\n<figure class=\"wp-block-image size-large\"><img loading=\"lazy\" width=\"680\" height=\"813\" src=\"https:\/\/bioinfo.imdik.pan.pl\/coronavirus-service\/wp-content\/uploads\/2020\/08\/tab2.png\" alt=\"\" class=\"wp-image-355\" srcset=\"https:\/\/bioinfo.imdik.pan.pl\/coronavirus-service\/wp-content\/uploads\/2020\/08\/tab2.png 680w, https:\/\/bioinfo.imdik.pan.pl\/coronavirus-service\/wp-content\/uploads\/2020\/08\/tab2-251x300.png 251w\" sizes=\"(max-width: 680px) 100vw, 680px\" \/><figcaption>Table 2. Leki przeciwko AIDS testowane w zastosowaniu do infekcji COVID-19.<\/figcaption><\/figure>\n\n\n\n<figure class=\"wp-block-image size-large\"><img loading=\"lazy\" width=\"1024\" height=\"502\" src=\"https:\/\/bioinfo.imdik.pan.pl\/coronavirus-service\/wp-content\/uploads\/2020\/08\/tab3-1024x502.png\" alt=\"\" class=\"wp-image-356\" srcset=\"https:\/\/bioinfo.imdik.pan.pl\/coronavirus-service\/wp-content\/uploads\/2020\/08\/tab3-1024x502.png 1024w, https:\/\/bioinfo.imdik.pan.pl\/coronavirus-service\/wp-content\/uploads\/2020\/08\/tab3-300x147.png 300w, https:\/\/bioinfo.imdik.pan.pl\/coronavirus-service\/wp-content\/uploads\/2020\/08\/tab3-768x377.png 768w, https:\/\/bioinfo.imdik.pan.pl\/coronavirus-service\/wp-content\/uploads\/2020\/08\/tab3.png 1054w\" sizes=\"(max-width: 1024px) 100vw, 1024px\" \/><figcaption>Tabela 3. Antybiotyki testowane w zastosowaniu do infekcji COVID-19.\u00a0\u00a0\u00a0<br><br><\/figcaption><\/figure>\n\n\n\n<p>R\u00f3wnie\u017c potencjaln\u0105 terapi\u0105 jest podawanie osobom chorym na COVID-19 osocza ozdrowie\u0144c\u00f3w zawieraj\u0105cym swoiste przeciwcia\u0142a przeciwko SARS-CoV-2. W\u015br\u00f3d testowanych przeciwko temu wirusowi przeciwcia\u0142 monoklonalnych znajduje si\u0119 m. in. tocilizumab.<\/p>\n\n\n\n<p>Poszukiwania skutecznego i bezpiecznego leku trwaj\u0105 nieustannie. W powy\u017cszym rozdziale przedstawiono zaledwie garstk\u0119 testowanych substancji.<\/p>\n\n\n\n<h2>Bibliografia:<\/h2>\n\n\n\n<p>[1] Sanders, J. M., Monogue, M. L., Jodlowski, T. Z., &amp; Cutrell, J. B. (2020). Pharmacologic treatments for coronavirus disease 2019 (COVID-19): a review.&nbsp;<em>Jama<\/em>,&nbsp;<em>323<\/em>(18), 1824-1836.<\/p>\n\n\n\n<p>[2] Gendrot, M., Duflot, I., Boxberger, M., Delandre, O., Jardot, P., Le Bideau, M., &#8230; &amp; Hutter, S. (2020). Antimalarial artemisinin-based combination therapies (ACT) and COVID-19 in Africa: In vitro inhibition of SARS-CoV-2 replication by mefloquine-artesunate.&nbsp;<em>International Journal of Infectious Diseases<\/em>.<\/p>\n\n\n\n<p>[3] Cao, R., Hu, H., Li, Y., Wang, X., Xu, M., Liu, J., &#8230; &amp; Zhang, T. (2020). Anti-SARS-CoV-2 Potential of Artemisinins In Vitro.&nbsp;<em>ACS Infectious Diseases<\/em>.<\/p>\n\n\n\n<p>[4] Naqvi, A. A. T., Fatima, K., Mohammad, T., Fatima, U., Singh, I. K., Singh, A., &#8230; &amp; Hassan, M. I. (2020). Insights into SARS-CoV-2 genome, structure, evolution, pathogenesis and therapies: Structural genomics approach.&nbsp;<em>Biochimica et Biophysica Acta (BBA)-Molecular Basis of Disease<\/em>, 165878.<\/p>\n","protected":false},"excerpt":{"rendered":"<p>Ca\u0142y czas trwaj\u0105 poszukiwania lek\u00f3w skutecznych w leczeniu COVID-19. W walk\u0119 z wirusem SARS-CoV-2 w\u0142\u0105czeni s\u0105 naukowcy z ca\u0142ego \u015bwiata. Idea dzia\u0142ania lek\u00f3w przeciwwirusowych przedstawiona jest w rozdziale \u201eKoncepcja dzia\u0142ania lek\u00f3w przeciwwirusowych\u201d na przyk\u0142adzie r\u00f3\u017cnych lek\u00f3w \u2013 nie zwi\u0105zanych z COVID-19. W tym rozdziale przedstawione zostan\u0105 potencjalne leki na COVID-19. Na rysunku 1 przedstawiono miejsca&hellip; <br \/> <a class=\"read-more\" href=\"https:\/\/bioinfo.imdik.pan.pl\/coronavirus-service\/mesmerize\/leki-przeciwwirusowe-covid-19\/\">Read more<\/a><\/p>\n","protected":false},"author":3,"featured_media":0,"parent":26,"menu_order":0,"comment_status":"closed","ping_status":"closed","template":"","meta":[],"_links":{"self":[{"href":"https:\/\/bioinfo.imdik.pan.pl\/coronavirus-service\/wp-json\/wp\/v2\/pages\/350"}],"collection":[{"href":"https:\/\/bioinfo.imdik.pan.pl\/coronavirus-service\/wp-json\/wp\/v2\/pages"}],"about":[{"href":"https:\/\/bioinfo.imdik.pan.pl\/coronavirus-service\/wp-json\/wp\/v2\/types\/page"}],"author":[{"embeddable":true,"href":"https:\/\/bioinfo.imdik.pan.pl\/coronavirus-service\/wp-json\/wp\/v2\/users\/3"}],"replies":[{"embeddable":true,"href":"https:\/\/bioinfo.imdik.pan.pl\/coronavirus-service\/wp-json\/wp\/v2\/comments?post=350"}],"version-history":[{"count":5,"href":"https:\/\/bioinfo.imdik.pan.pl\/coronavirus-service\/wp-json\/wp\/v2\/pages\/350\/revisions"}],"predecessor-version":[{"id":359,"href":"https:\/\/bioinfo.imdik.pan.pl\/coronavirus-service\/wp-json\/wp\/v2\/pages\/350\/revisions\/359"}],"up":[{"embeddable":true,"href":"https:\/\/bioinfo.imdik.pan.pl\/coronavirus-service\/wp-json\/wp\/v2\/pages\/26"}],"wp:attachment":[{"href":"https:\/\/bioinfo.imdik.pan.pl\/coronavirus-service\/wp-json\/wp\/v2\/media?parent=350"}],"curies":[{"name":"wp","href":"https:\/\/api.w.org\/{rel}","templated":true}]}}