{"id":26,"date":"2020-07-13T01:08:47","date_gmt":"2020-07-13T01:08:47","guid":{"rendered":"https:\/\/bioinfo.imdik.pan.pl\/covid19\/mesmerize\/"},"modified":"2020-08-28T02:38:38","modified_gmt":"2020-08-28T02:38:38","slug":"mesmerize","status":"publish","type":"page","link":"https:\/\/bioinfo.imdik.pan.pl\/coronavirus-service\/","title":{"rendered":"home"},"content":{"rendered":"<div  id=\"kategorie\" style=\"background-color: rgb(255, 255, 255); background-image: none;\" data-label=\"kategorie\" data-id=\"overlappable-4\" data-export-id=\"overlappable-4\" data-category=\"overlappable\" class=\"overlappable-4 content-section content-section-spacing\" data-overlap=\"true\"><div  class=\"\"> <div  data-type=\"row\" class=\"row spaced-cols text-center center-sm content-center-sm\"><div  class=\"col-xs-12 col-sm-4 col-padding col-md-4 \"> <i  class=\"fa icon shadow-large-black aligncenter color1 fa-graduation-cap reverse round large\"><\/i> <div  data-type=\"column\" class=\"\"> <h5  class=\"\">INFORMACJE OG\u00d3LNE<\/h5> <p  class=\"\">W tej zak\u0142adce znajd\u0105 Pa\u0144stwo informacje na temat wirus\u00f3w i ich dzia\u0142ania. Dowiedz\u0105 si\u0119 Pa\u0144stwo tak\u017ce wi\u0119cej o procesie zaka\u017cenia COVID-19, jak r\u00f3wnie\u017c o epidemiach, z kt\u00f3rymi przysz\u0142o nam si\u0119 zmierzy\u0107 w XXI wieku. <\/p><\/div> <\/div> <div  class=\"col-xs-12 col-sm-4 col-padding col-md-4 \"> <i  class=\"fa icon shadow-large-black aligncenter color1 fa-ambulance reverse round large\"><\/i> <div  data-type=\"column\" class=\"\"><h5  class=\"\">TERAPIE<\/h5> <p  class=\"\">Tutaj znajd\u0105 Pa\u0144stwo bie\u017c\u0105ce informacje na temat dost\u0119pnych lek\u00f3w i szczepionek. Poznaj\u0105 Pa\u0144stwo tak\u017ce procesy ich powstawania i dzia\u0142ania.<\/p><\/div> <\/div> <div  class=\"col-xs-12 col-sm-4 col-padding col-md-4 \"> <i  class=\"fa icon shadow-large-black aligncenter color1 fa-save reverse round large\"><\/i> <div  data-type=\"column\" class=\"\"><h5  class=\"\">BAZA STRUKTUR BIA\u0141KOWYCH<\/h5> <p  class=\"\">W tym dziale poznaj\u0105 Pa\u0144stwo struktur\u0119 i pe\u0142ny genom wirusa SARS-CoV-2. B\u0119d\u0105 mogli Pa\u0144stwo zapozna\u0107 si\u0119 tak\u017ce z modelami matematycznymi opisuj\u0105cymi przebieg pandemii. <\/p><\/div> <\/div><\/div> <\/div><\/div><div  id=\"o-serwisie\" style=\"background-color: rgb(245, 250, 253); background-image: none;\" data-label=\"o serwisie\" data-id=\"about-1\" data-export-id=\"about-1\" data-category=\"about\" class=\"about-1 content-section\"><div  class=\"\"> <div  class=\"row text-center\"><div  class=\"section-title-col\" data-type=\"column\"> <h5  class=\"\">PORTAL INFORMACYJNY<\/h5> <h2  class=\"\"><strong >CORONAVIRUS<\/strong> SERVICE<\/h2> <p  class=\"lead\">\n<br ><br >W zwi\u0105zku z szerz\u0105c\u0105 si\u0119 pandemi\u0105 stworzono merytoryczny i przyjazny u\u017cytkownikowi serwis internetowy, kt\u00f3ry zapewni wsparcie informacyjne i dost\u0119p do najnowszych doniesie\u0144 z zakresu wiedzy o wirusach, ze szczeg\u00f3lnym uwzgl\u0119dnieniem koronawirusa SARS-CoV-2 i jego budowy molekularnej. Na stronie znajdziecie Pa\u0144stwo r\u00f3wnie\u017c niezb\u0119dne informacje o  mechanizmie dzia\u0142ania szczepionek, ich rodzaju i aktualnie rozwijanych szczepionkach przeciw SARS-CoV-2. Osobny dzia\u0142 zosta\u0142 po\u015bwi\u0119cony mechanizmowi dzia\u0142ania lek\u00f3w przeciwwirusowych, molekularnym podstawom zaka\u017cenia SARS-CoV-2 oraz modelom matematycznym opisuj\u0105cym przebieg pandemii. <br >\n<br ><br >Celem dzia\u0142alno\u015bci Coronavirus Serwis jest zebranie niezb\u0119dnej wiedzy z zakresu medycyny, farmakologii, immunologii, biologii molekularnej, modelowania molekularnego, modelowania matematycznego aby wspiera\u0107 rozw\u00f3j nowych strategii w walce z pandemi\u0105 koronawirusa.<\/p><\/div> <\/div> <div  class=\"row\"> <div  class=\"button-holder space-bottom space-bottom-small\" data-type=\"column\"> <\/div> <div  class=\"col-xs bottom-xs flexbox image-group-bottom-3-img space-bottom-xs center-xs\"> <img  class=\"left-img shadow-large-black\" data-size=\"500x300\" src=\"https:\/\/bioinfo.imdik.pan.pl\/covid19\/wp-content\/uploads\/2020\/07\/cropped-49565158953_6fb79f1c01_b.jpg\" alt=\"\" title=\"cropped-49565158953_6fb79f1c01_b.jpg\"> <img  class=\"center-img shadow-large-black\" data-size=\"500x300\" src=\"https:\/\/bioinfo.imdik.pan.pl\/covid19\/wp-content\/uploads\/2020\/07\/cropped-Projekt-bez-tytu\u0142u.png\" alt=\"\" title=\"cropped-Projekt-bez-tytu\u0142u.png\"> <img  class=\"right-img shadow-large-black\" data-size=\"500x300\" src=\"https:\/\/bioinfo.imdik.pan.pl\/covid19\/wp-content\/uploads\/2020\/07\/cropped-1024px-SARS-CoV-2_scanning_electron_microscope_image.jpg\" alt=\"\" title=\"cropped-1024px-SARS-CoV-2_scanning_electron_microscope_image.jpg\"><\/div> <\/div><\/div> <\/div><div  id=\"warto-przeczytac\" style=\"background-color: #ffffff;\" data-label=\"warto przeczytac\" data-id=\"features-12-card-bordered\" data-export-id=\"features-12-card-bordered\" data-category=\"features\" class=\"features-12-card-bordered content-section content-section-spacing \"><div  class=\"gridContainer\"> <div  class=\"row text-center\"><div  class=\"section-title-col\" data-type=\"column\"> <h2  class=\"\">Warto przeczyta\u0107<\/h2> <p  class=\"lead\">Zapraszamy do zapoznania si\u0119 z wybranymi artyku\u0142ami naukowymi.<\/p><\/div> <\/div> <div  class=\"row spaced-cols content-center-sm center-sm\" data-type=\"row\"> <div  class=\"col-sm-6 col-md-6 \"> <div  class=\"card row-card bordered y-move\"> <div  class=\"row\"> <div  class=\"col-sm-fit icon-column\"> <i  class=\"fa icon color2 fa-lightbulb-o bordered round\"><\/i> <\/div> <div  class=\"col-sm\" data-type=\"column\"> <h5  class=\"color2\">Comparative full-length genome sequence analysis of 14 SARS coronavirus isolates and common mutations associated with putative origins of infection.<\/h5> <p  class=\"\">Ruan, Y., Wei, C. L., Ling, A. E., Vega, V. B., Thoreau, H., Se Thoe, S. Y., \u2026 Liu, E. T. (2003). The Lancet, 361(9371), 1779\u20131785. doi:10.1016\/s0140-6736(03)13414-9<\/p><\/div> <\/div><\/div> <\/div>  <div  class=\"col-sm-6 col-md-6 \"> <div  class=\"card row-card bordered y-move\"> <div  class=\"row\"> <div  class=\"col-sm-fit icon-column\"> <i  class=\"fa icon color2 fa-lightbulb-o bordered round\"><\/i> <\/div> <div  class=\"col-sm\" data-type=\"column\"> <h5  class=\"color2\">Genomic characterisation and epidemiology of 2019 novel coronavirus: implications for virus origins and receptor binding.<\/h5> <p  class=\"\">Lu R, Zhao X, Li J, et al. Lancet. 2020;395(10224):565-574. doi:10.1016\/S0140-6736(20)30251-8<\/p><\/div> <\/div><\/div> <\/div><div  class=\"col-sm-6 col-md-6 \"> <div  class=\"card row-card bordered y-move\"> <div  class=\"row\"> <div  class=\"col-sm-fit icon-column\"> <i  class=\"fa icon color2 fa-lightbulb-o bordered round\"><\/i> <\/div> <div  class=\"col-sm\" data-type=\"column\"> <h5  class=\"color2\"> Genotype and phenotype of COVID-19: Their roles in pathogenesis.<\/h5> <p  class=\"\">Mousavizadeh, L., &amp; Ghasemi, S. (2020).&nbsp; Journal of Microbiology, Immunology and Infection. doi:10.1016\/j.jmii.2020.03.022&nbsp; <\/p><\/div> <\/div><\/div> <\/div><div  class=\"col-sm-6 col-md-6 \"> <div  class=\"card row-card bordered y-move\"> <div  class=\"row\"> <div  class=\"col-sm-fit icon-column\"> <i  class=\"fa icon color2 fa-lightbulb-o bordered round\"><\/i> <\/div> <div  class=\"col-sm\" data-type=\"column\"> <h5  class=\"color2\">Inhibition of Bruton tyrosine kinase in patients with severe COVID-19. <\/h5> <p  class=\"\">Roschewski, M., Lionakis, M. S., Sharman, J. P., Roswarski, J., Goy, A., Monticelli, M. A., \u2026 Wilson, W. H. (2020). Science Immunology, 5(48), eabd0110. doi:10.1126\/sciimmunol.abd0110&nbsp; <\/p><\/div> <\/div><\/div> <\/div> <div  class=\"col-sm-6 col-md-6 \"> <div  class=\"card row-card bordered y-move\"> <div  class=\"row\"> <div  class=\"col-sm-fit icon-column\"> <i  class=\"fa icon color2 fa-lightbulb-o bordered round\"><\/i> <\/div> <div  class=\"col-sm\" data-type=\"column\"> <h5  class=\"color2\">Can existing live vaccines prevent COVID-19?<\/h5> <p  class=\"\">Chumakov, K., Benn, C. S., Aaby, P., Kottilil, S., &amp; Gallo, R. (2020). Science, 368(6496), 1187\u20131188. doi:10.1126\/science.abc4262 <\/p><\/div> <\/div><\/div> <\/div><div  class=\"col-sm-6 col-md-6 \"> <div  class=\"card row-card bordered y-move\"> <div  class=\"row\"> <div  class=\"col-sm-fit icon-column\"> <i  class=\"fa icon color2 fa-lightbulb-o bordered round\"><\/i> <\/div> <div  class=\"col-sm\" data-type=\"column\"> <h5  class=\"color2\">Trained immunity: a tool for reducing susceptibility and severity of SARS-CoV-2 infection.<\/h5> <p  class=\"\">Netea, M. G., Giamarellos-Bourboulis, E. J., Dom\u00ednguez-Andr\u00e9s, J., Curtis, N., van Crevel, R., van de Veerdonk, F. L., &amp; Bonten, M. (2020).&nbsp; Cell. doi:10.1016\/j.cell.2020.04.042 <\/p><\/div> <\/div><\/div> <\/div><div  class=\"col-sm-6 col-md-6\"> <div  class=\"card row-card bordered y-move\"> <div  class=\"row\"> <div  class=\"col-sm-fit icon-column\"> <i  class=\"fa icon color2 fa-internet-explorer bordered round\"><\/i> <\/div> <div  class=\"col-sm\" data-type=\"column\"> <h5  class=\"color2\">Gene Tex<br >A Review of the SARS-CoV-2 (COVID-19) Genome and Proteome<\/h5> <a class=\"link\" href=\"\/\/www.genetex.com\/MarketingMaterial\/Index\/SARS-CoV-2_Genome_and_Proteome\" target=\"_self\" data-cp-link=\"1\" rel=\"noopener noreferrer\">Kliknij tutaj i odwied\u017a stron\u0119<\/a><\/div> <\/div><\/div> <\/div><div  class=\"col-sm-6 col-md-6\"> <div  class=\"card row-card bordered y-move\"> <div  class=\"row\"> <div  class=\"col-sm-fit icon-column\"> <i  class=\"fa icon color2 fa-internet-explorer bordered round\"><\/i> <\/div> <div  class=\"col-sm\" data-type=\"column\"> <h5  class=\"color2\">NIH \u2013 National Library of Medicine<\/h5> <a class=\"link\" href=\"https:\/\/pubchem.ncbi.nlm.nih.gov\/#query=covid-19\" target=\"_self\" data-cp-link=\"1\" rel=\"noopener noreferrer\">Kliknij tutaj i odwied\u017a stron\u0119<\/a><\/div> <\/div><\/div> <\/div><\/div> <\/div><\/div><div  id=\"ministerstwo-zdrowia\" style=\"background-color: #f5fafd;\" data-label=\"ministerstwo zdrowia\" data-id=\"content-2\" data-export-id=\"content-2\" data-category=\"content\" class=\"content-2 content-section content-section-spacing\"><div  class=\"gridContainer\"> <div  class=\"row middle-xs\"><div  class=\"col-sm-5 bg-image shadow-large-black\" data-bg=\"image\" style=\"background-image: url(&quot;https:\/\/bioinfo.imdik.pan.pl\/coronavirus-service\/wp-content\/uploads\/2020\/07\/cropped-200203-D-XX999-0001-2.jpg&quot;);\"><\/div> <div  class=\"col-sm-7 full-col-left-padding full-col-right-padding\"> <div  class=\"row\"> <div  data-type=\"column\" class=\"space-bottom-small content-title-col content-center-sm\"> <h5  class=\"\">MINISTERSTWO ZDROWIA APELUJE<\/h5> <h2  class=\"\">STOSUJ SI\u0118 DO ZASAD<\/h2> <p  class=\"\">Pom\u00f3\u017c zwalczy\u0107 koronawirusa<\/p><\/div> <\/div> <div  class=\"row spaced-cols center-sm content-center-sm\" data-type=\"row\"> <div  class=\"col-xs-6 col-md-6\" data-type=\"column\"> <h5  class=\"\">  R\u0118CE <\/h5> <p  class=\"\">Cz\u0119sto myj r\u0119ce \u2013 u\u017cywaj do tego wody z myd\u0142em i \u015brodka dezynfekuj\u0105cego na bazie alkoholu.<\/p><\/div> <div  class=\"col-xs-6 col-md-6\" data-type=\"column\"><h5  class=\"\">TWARZ<\/h5> <p  class=\"\">Nie dotykaj oczu, nosa i ust, gdy kaszlesz lub kichasz, zakrywaj nos i usta wewn\u0119trzn\u0105 stron\u0105 \u0142okcia lub chusteczk\u0105. Stosuj maseczki klasy FFP2 lub FFP3 w miar\u0119 mo\u017cliwo\u015bci z warstw\u0105 aktywnego w\u0119gla, a najlepiej zrobione, z wykorzystaniem nowoczesnych technologii, z<br >nanow\u0142\u00f3kna (nanofiber) posiadaj\u0105ce rozmiar otwork\u00f3w mniejszy od rozmiar\u00f3w koronawirusa.<\/p><\/div>  <div  class=\"col-xs-6 col-md-6\" data-type=\"column\"><h5  class=\"\">BEZPIECZE\u0143STWO<\/h5> <p  class=\"\">Zosta\u0144 w domu. Je\u015bli masz gor\u0105czk\u0119, kaszel i trudno\u015bci z oddychaniem, skontaktuj si\u0119 z lekarzem. Pami\u0119taj, by wcze\u015bniej zadzwoni\u0107 i um\u00f3wi\u0107 si\u0119 na wizyt\u0119.<\/p><\/div><div  class=\"col-xs-6 col-md-6\" data-type=\"column\"><h5  class=\"\">ODLEG\u0141O\u015a\u0106<\/h5> <p  class=\"\">Zachowaj 2 m odst\u0119pu od innych os\u00f3b.<\/p><\/div> <\/div><\/div> <\/div><\/div> <\/div><div  id=\"kontakt\" data-label=\"kontakt\" data-id=\"contact-1\" data-export-id=\"contact-1\" data-category=\"contact\" class=\"contact-1 content-section content-section-spacing white-text\" data-parallax-depth=\"20\" style=\"background-size: cover; background-position: center top; background-image: url(&quot;https:\/\/bioinfo.imdik.pan.pl\/coronavirus-service\/wp-content\/uploads\/2020\/07\/1024px-SARS-CoV-2_scanning_electron_microscope_image.jpg&quot;);\"><div  class=\"gridContainer\"> <div  class=\"row text-center\"><div  class=\"section-title-col\" data-type=\"column\"> <h2  class=\"\">Kontakt<\/h2> <p  class=\"lead\">Skontaktuj si\u0119 z nami za pomoc\u0105 poni\u017cszego formularza.<\/p><\/div> <\/div> <div  class=\"row text-center\"> <div  class=\"col-xs-12 col-sm-8 col-sm-offset-2 contact-form-wrapper inline-info\"> <div  class=\"card large-padding\"> <div  class=\"\" data-content-shortcode=\"mesmerize_contact_form shortcode=&quot;wpforms id=&amp;amp;quot;159&amp;amp;quot;&quot;\" data-editable=\"true\"><div class=\"wpforms-container wpforms-container-full\" id=\"wpforms-159\"><form id=\"wpforms-form-159\" class=\"wpforms-validate wpforms-form\" data-formid=\"159\" method=\"post\" enctype=\"multipart\/form-data\" action=\"\/coronavirus-service\/wp-json\/wp\/v2\/pages\/26\" data-token=\"a80d0db9d13ebe1f76a4ba0f9dabcd8c\"><noscript class=\"wpforms-error-noscript\">Please enable JavaScript in your browser to complete this form.<\/noscript><div class=\"wpforms-field-container\"><div id=\"wpforms-159-field_0-container\" class=\"wpforms-field wpforms-field-name\" data-field-id=\"0\"><label class=\"wpforms-field-label\" for=\"wpforms-159-field_0\">Name <span class=\"wpforms-required-label\">*<\/span><\/label><div class=\"wpforms-field-row wpforms-field-large\"><div class=\"wpforms-field-row-block wpforms-first wpforms-one-half\"><input type=\"text\" id=\"wpforms-159-field_0\" class=\"wpforms-field-name-first wpforms-field-required\" name=\"wpforms[fields][0][first]\" required><label for=\"wpforms-159-field_0\" class=\"wpforms-field-sublabel after \">First<\/label><\/div><div class=\"wpforms-field-row-block wpforms-one-half\"><input type=\"text\" id=\"wpforms-159-field_0-last\" class=\"wpforms-field-name-last wpforms-field-required\" name=\"wpforms[fields][0][last]\" required><label for=\"wpforms-159-field_0-last\" class=\"wpforms-field-sublabel after \">Last<\/label><\/div><\/div><\/div><div id=\"wpforms-159-field_1-container\" class=\"wpforms-field wpforms-field-email\" data-field-id=\"1\"><label class=\"wpforms-field-label\" for=\"wpforms-159-field_1\">Email <span class=\"wpforms-required-label\">*<\/span><\/label><input type=\"email\" id=\"wpforms-159-field_1\" class=\"wpforms-field-large wpforms-field-required\" name=\"wpforms[fields][1]\" required><\/div><div id=\"wpforms-159-field_2-container\" class=\"wpforms-field wpforms-field-textarea\" data-field-id=\"2\"><label class=\"wpforms-field-label\" for=\"wpforms-159-field_2\">Comment or Message <span class=\"wpforms-required-label\">*<\/span><\/label><textarea id=\"wpforms-159-field_2\" class=\"wpforms-field-large wpforms-field-required\" name=\"wpforms[fields][2]\" required><\/textarea><\/div><\/div><div class=\"wpforms-field wpforms-field-hp\"><label for=\"wpforms-159-field-hp\" class=\"wpforms-field-label\">Email<\/label><input type=\"text\" name=\"wpforms[hp]\" id=\"wpforms-159-field-hp\" class=\"wpforms-field-medium\"><\/div><div class=\"wpforms-submit-container\" ><input type=\"hidden\" name=\"wpforms[id]\" value=\"159\"><input type=\"hidden\" name=\"wpforms[author]\" value=\"5\"><button type=\"submit\" name=\"wpforms[submit]\" class=\"wpforms-submit button color1\" id=\"wpforms-submit-159\" value=\"wpforms-submit\" aria-live=\"assertive\" data-alt-text=\"Sending...\" data-submit-text=\"Submit\">Submit<\/button><\/div><\/form><\/div>  <!-- .wpforms-container --><\/div><\/div> <\/div><\/div> <\/div><\/div>","protected":false},"excerpt":{"rendered":"<p>INFORMACJE OG\u00d3LNE W tej zak\u0142adce znajd\u0105 Pa\u0144stwo informacje na temat wirus\u00f3w i ich dzia\u0142ania. Dowiedz\u0105 si\u0119 Pa\u0144stwo tak\u017ce wi\u0119cej o procesie zaka\u017cenia COVID-19, jak r\u00f3wnie\u017c o epidemiach, z kt\u00f3rymi przysz\u0142o nam si\u0119 zmierzy\u0107 w XXI wieku. TERAPIE Tutaj znajd\u0105 Pa\u0144stwo bie\u017c\u0105ce informacje na temat dost\u0119pnych lek\u00f3w i szczepionek. Poznaj\u0105 Pa\u0144stwo tak\u017ce procesy ich powstawania i&hellip; <br \/> <a class=\"read-more\" href=\"https:\/\/bioinfo.imdik.pan.pl\/coronavirus-service\/\">Read more<\/a><\/p>\n","protected":false},"author":5,"featured_media":0,"parent":0,"menu_order":0,"comment_status":"closed","ping_status":"closed","template":"page-templates\/homepage.php","meta":[],"_links":{"self":[{"href":"https:\/\/bioinfo.imdik.pan.pl\/coronavirus-service\/wp-json\/wp\/v2\/pages\/26"}],"collection":[{"href":"https:\/\/bioinfo.imdik.pan.pl\/coronavirus-service\/wp-json\/wp\/v2\/pages"}],"about":[{"href":"https:\/\/bioinfo.imdik.pan.pl\/coronavirus-service\/wp-json\/wp\/v2\/types\/page"}],"author":[{"embeddable":true,"href":"https:\/\/bioinfo.imdik.pan.pl\/coronavirus-service\/wp-json\/wp\/v2\/users\/5"}],"replies":[{"embeddable":true,"href":"https:\/\/bioinfo.imdik.pan.pl\/coronavirus-service\/wp-json\/wp\/v2\/comments?post=26"}],"version-history":[{"count":50,"href":"https:\/\/bioinfo.imdik.pan.pl\/coronavirus-service\/wp-json\/wp\/v2\/pages\/26\/revisions"}],"predecessor-version":[{"id":370,"href":"https:\/\/bioinfo.imdik.pan.pl\/coronavirus-service\/wp-json\/wp\/v2\/pages\/26\/revisions\/370"}],"wp:attachment":[{"href":"https:\/\/bioinfo.imdik.pan.pl\/coronavirus-service\/wp-json\/wp\/v2\/media?parent=26"}],"curies":[{"name":"wp","href":"https:\/\/api.w.org\/{rel}","templated":true}]}}