{"id":226,"date":"2020-07-15T18:19:23","date_gmt":"2020-07-15T18:19:23","guid":{"rendered":"https:\/\/bioinfo.imdik.pan.pl\/covid19\/?page_id=226"},"modified":"2020-08-28T02:55:33","modified_gmt":"2020-08-28T02:55:33","slug":"grypa-a-covid-19","status":"publish","type":"page","link":"https:\/\/bioinfo.imdik.pan.pl\/coronavirus-service\/mesmerize\/grypa-a-covid-19\/","title":{"rendered":"Grypa a COVID-19"},"content":{"rendered":"\n<figure class=\"wp-block-image size-large\"><img loading=\"lazy\" width=\"674\" height=\"1024\" src=\"https:\/\/bioinfo.imdik.pan.pl\/covid19\/wp-content\/uploads\/2020\/07\/igrafika_20200312_02_0-674x1024.png\" alt=\"\" class=\"wp-image-227\" srcset=\"https:\/\/bioinfo.imdik.pan.pl\/coronavirus-service\/wp-content\/uploads\/2020\/07\/igrafika_20200312_02_0-674x1024.png 674w, https:\/\/bioinfo.imdik.pan.pl\/coronavirus-service\/wp-content\/uploads\/2020\/07\/igrafika_20200312_02_0-197x300.png 197w, https:\/\/bioinfo.imdik.pan.pl\/coronavirus-service\/wp-content\/uploads\/2020\/07\/igrafika_20200312_02_0-768x1167.png 768w, https:\/\/bioinfo.imdik.pan.pl\/coronavirus-service\/wp-content\/uploads\/2020\/07\/igrafika_20200312_02_0-1011x1536.png 1011w, https:\/\/bioinfo.imdik.pan.pl\/coronavirus-service\/wp-content\/uploads\/2020\/07\/igrafika_20200312_02_0-1348x2048.png 1348w, https:\/\/bioinfo.imdik.pan.pl\/coronavirus-service\/wp-content\/uploads\/2020\/07\/igrafika_20200312_02_0-1024x1556.png 1024w, https:\/\/bioinfo.imdik.pan.pl\/coronavirus-service\/wp-content\/uploads\/2020\/07\/igrafika_20200312_02_0-711x1080.png 711w\" sizes=\"(max-width: 674px) 100vw, 674px\" \/><\/figure>\n\n\n\n<figure class=\"wp-block-video\"><video controls src=\"https:\/\/bioinfo.imdik.pan.pl\/coronavirus-service\/wp-content\/uploads\/2020\/07\/12-porad-jak-si\u0119-OCHRONI\u0106-przed-koronawirusem-t\u0142umaczenie-na-j\u0119zyk-migowy.mp4\"><\/video><\/figure>\n","protected":false},"excerpt":{"rendered":"","protected":false},"author":5,"featured_media":0,"parent":26,"menu_order":0,"comment_status":"closed","ping_status":"closed","template":"","meta":[],"_links":{"self":[{"href":"https:\/\/bioinfo.imdik.pan.pl\/coronavirus-service\/wp-json\/wp\/v2\/pages\/226"}],"collection":[{"href":"https:\/\/bioinfo.imdik.pan.pl\/coronavirus-service\/wp-json\/wp\/v2\/pages"}],"about":[{"href":"https:\/\/bioinfo.imdik.pan.pl\/coronavirus-service\/wp-json\/wp\/v2\/types\/page"}],"author":[{"embeddable":true,"href":"https:\/\/bioinfo.imdik.pan.pl\/coronavirus-service\/wp-json\/wp\/v2\/users\/5"}],"replies":[{"embeddable":true,"href":"https:\/\/bioinfo.imdik.pan.pl\/coronavirus-service\/wp-json\/wp\/v2\/comments?post=226"}],"version-history":[{"count":2,"href":"https:\/\/bioinfo.imdik.pan.pl\/coronavirus-service\/wp-json\/wp\/v2\/pages\/226\/revisions"}],"predecessor-version":[{"id":374,"href":"https:\/\/bioinfo.imdik.pan.pl\/coronavirus-service\/wp-json\/wp\/v2\/pages\/226\/revisions\/374"}],"up":[{"embeddable":true,"href":"https:\/\/bioinfo.imdik.pan.pl\/coronavirus-service\/wp-json\/wp\/v2\/pages\/26"}],"wp:attachment":[{"href":"https:\/\/bioinfo.imdik.pan.pl\/coronavirus-service\/wp-json\/wp\/v2\/media?parent=226"}],"curies":[{"name":"wp","href":"https:\/\/api.w.org\/{rel}","templated":true}]}}