{"id":205,"date":"2020-07-15T18:04:33","date_gmt":"2020-07-15T18:04:33","guid":{"rendered":"https:\/\/bioinfo.imdik.pan.pl\/covid19\/?page_id=205"},"modified":"2020-07-15T18:51:10","modified_gmt":"2020-07-15T18:51:10","slug":"epidemie-w-xxi-wieku","status":"publish","type":"page","link":"https:\/\/bioinfo.imdik.pan.pl\/coronavirus-service\/mesmerize\/epidemie-w-xxi-wieku\/","title":{"rendered":"Epidemie w XXI wieku"},"content":{"rendered":"\n<figure class=\"wp-block-image size-full is-resized\"><img loading=\"lazy\" src=\"https:\/\/bioinfo.imdik.pan.pl\/covid19\/wp-content\/uploads\/2020\/07\/ezgif.com-webp-to-png.png\" alt=\"\" class=\"wp-image-240\" width=\"675\" height=\"3432\" srcset=\"https:\/\/bioinfo.imdik.pan.pl\/coronavirus-service\/wp-content\/uploads\/2020\/07\/ezgif.com-webp-to-png.png 900w, https:\/\/bioinfo.imdik.pan.pl\/coronavirus-service\/wp-content\/uploads\/2020\/07\/ezgif.com-webp-to-png-59x300.png 59w, https:\/\/bioinfo.imdik.pan.pl\/coronavirus-service\/wp-content\/uploads\/2020\/07\/ezgif.com-webp-to-png-768x3905.png 768w, https:\/\/bioinfo.imdik.pan.pl\/coronavirus-service\/wp-content\/uploads\/2020\/07\/ezgif.com-webp-to-png-302x1536.png 302w, https:\/\/bioinfo.imdik.pan.pl\/coronavirus-service\/wp-content\/uploads\/2020\/07\/ezgif.com-webp-to-png-403x2048.png 403w\" sizes=\"(max-width: 675px) 100vw, 675px\" \/><figcaption>Rysunek 1. Historia pandemii &#8211; przybli\u017cone modele wirus\u00f3w.<sup>[2]<\/sup><\/figcaption><\/figure>\n\n\n\n<figure class=\"wp-block-image size-full\"><img loading=\"lazy\" width=\"1087\" height=\"2560\" src=\"https:\/\/bioinfo.imdik.pan.pl\/covid19\/wp-content\/uploads\/2020\/07\/DeadliestPandemics-Infographic-72-July6-scaled.jpg\" alt=\"\" class=\"wp-image-238\" srcset=\"https:\/\/bioinfo.imdik.pan.pl\/coronavirus-service\/wp-content\/uploads\/2020\/07\/DeadliestPandemics-Infographic-72-July6-scaled.jpg 1087w, https:\/\/bioinfo.imdik.pan.pl\/coronavirus-service\/wp-content\/uploads\/2020\/07\/DeadliestPandemics-Infographic-72-July6-127x300.jpg 127w, https:\/\/bioinfo.imdik.pan.pl\/coronavirus-service\/wp-content\/uploads\/2020\/07\/DeadliestPandemics-Infographic-72-July6-435x1024.jpg 435w, https:\/\/bioinfo.imdik.pan.pl\/coronavirus-service\/wp-content\/uploads\/2020\/07\/DeadliestPandemics-Infographic-72-July6-768x1808.jpg 768w, https:\/\/bioinfo.imdik.pan.pl\/coronavirus-service\/wp-content\/uploads\/2020\/07\/DeadliestPandemics-Infographic-72-July6-652x1536.jpg 652w, https:\/\/bioinfo.imdik.pan.pl\/coronavirus-service\/wp-content\/uploads\/2020\/07\/DeadliestPandemics-Infographic-72-July6-870x2048.jpg 870w, https:\/\/bioinfo.imdik.pan.pl\/coronavirus-service\/wp-content\/uploads\/2020\/07\/DeadliestPandemics-Infographic-72-July6-1024x2411.jpg 1024w, https:\/\/bioinfo.imdik.pan.pl\/coronavirus-service\/wp-content\/uploads\/2020\/07\/DeadliestPandemics-Infographic-72-July6-459x1080.jpg 459w\" sizes=\"(max-width: 1087px) 100vw, 1087px\" \/><figcaption>Rysunek 2. Wizualizacja przedstawiaj\u0105ca niekt\u00f3re z najbardziej \u015bmierciono\u015bnych pandemii w historii, od zarazy Antonine po obecne wydarzenie COVID-19.<sup>[3]<\/sup><\/figcaption><\/figure>\n\n\n\n<figure class=\"wp-block-image size-large is-resized\"><img loading=\"lazy\" src=\"https:\/\/bioinfo.imdik.pan.pl\/covid19\/wp-content\/uploads\/2020\/07\/2020-07-15-19_31_42-ustawienie-strony-Dokumenty-Google-1024x440.png\" alt=\"\" class=\"wp-image-207\" width=\"768\" height=\"330\" srcset=\"https:\/\/bioinfo.imdik.pan.pl\/coronavirus-service\/wp-content\/uploads\/2020\/07\/2020-07-15-19_31_42-ustawienie-strony-Dokumenty-Google-1024x440.png 1024w, https:\/\/bioinfo.imdik.pan.pl\/coronavirus-service\/wp-content\/uploads\/2020\/07\/2020-07-15-19_31_42-ustawienie-strony-Dokumenty-Google-300x129.png 300w, https:\/\/bioinfo.imdik.pan.pl\/coronavirus-service\/wp-content\/uploads\/2020\/07\/2020-07-15-19_31_42-ustawienie-strony-Dokumenty-Google-768x330.png 768w, https:\/\/bioinfo.imdik.pan.pl\/coronavirus-service\/wp-content\/uploads\/2020\/07\/2020-07-15-19_31_42-ustawienie-strony-Dokumenty-Google.png 1139w\" sizes=\"(max-width: 768px) 100vw, 768px\" \/><\/figure>\n\n\n\n<p>Wska\u017anik replikacji (\u201ebasic reproduction number\u201d, R0) \u2013 przeci\u0119tna liczba os\u00f3b, kt\u00f3re zostan\u0105 zainfekowane przez 1 osob\u0119 zaka\u017con\u0105:<\/p>\n\n\n\n<ul><li>R0 &lt; 1 &nbsp; \u2192 choroba wyga\u015bnie samoistnie;<\/li><li>R0 = 1 &nbsp; \u2192 choroba b\u0119dzie stabilnie trwa\u0107;&nbsp;<\/li><li>R0 &gt; 1 &nbsp; \u2192 ryzyko epidemii.&nbsp;&nbsp;<\/li><\/ul>\n\n\n\n<p>(Rhinovirus \u2013 wirus odpowiadaj\u0105cy za 80% przypadk\u00f3w przezi\u0119bienia). <sup>[1]<\/sup><\/p>\n\n\n\n<h2>Bibliografia:<\/h2>\n\n\n\n<p>[1] Okr\u0119gowa Izb<\/p>\n\n\n\n<p>[1] Okr\u0119gowa Izba Lekarska w Gda\u0144sku (2020).&nbsp; Materia\u0142y informacyjne dotycz\u0105ce COVID-19, dost\u0119pne dla lekarzy w ramach subskrypcji internetowej.<\/p>\n\n\n\n<p>[2]<a href=\"https:\/\/www.medicover.pl\/o-zdrowiu\/historia-pandemii-na-swiecie-koronawirus-sars-cov-2-na-tle-innych-pandemii,6788,n,168\">https:\/\/www.medicover.pl\/o-zdrowiu\/historia-pandemii-na-swiecie-koronawirus-sars-cov-2-na-tle-innych-pandemii,6788,n,168<\/a><\/p>\n\n\n\n<p>[3] <a href=\"https:\/\/www.visualcapitalist.com\/history-of-pandemics-deadliest\/\">https:\/\/www.visualcapitalist.com\/history-of-pandemics-deadliest\/<\/a><\/p>\n\n\n\n<p><\/p>\n","protected":false},"excerpt":{"rendered":"<p>Wska\u017anik replikacji (\u201ebasic reproduction number\u201d, R0) \u2013 przeci\u0119tna liczba os\u00f3b, kt\u00f3re zostan\u0105 zainfekowane przez 1 osob\u0119 zaka\u017con\u0105: R0 &lt; 1 &nbsp; \u2192 choroba wyga\u015bnie samoistnie; R0 = 1 &nbsp; \u2192 choroba b\u0119dzie stabilnie trwa\u0107;&nbsp; R0 &gt; 1 &nbsp; \u2192 ryzyko epidemii.&nbsp;&nbsp; (Rhinovirus \u2013 wirus odpowiadaj\u0105cy za 80% przypadk\u00f3w przezi\u0119bienia). [1] Bibliografia: [1] Okr\u0119gowa Izb [1]&hellip; <br \/> <a class=\"read-more\" href=\"https:\/\/bioinfo.imdik.pan.pl\/coronavirus-service\/mesmerize\/epidemie-w-xxi-wieku\/\">Read more<\/a><\/p>\n","protected":false},"author":5,"featured_media":0,"parent":26,"menu_order":0,"comment_status":"closed","ping_status":"closed","template":"","meta":[],"_links":{"self":[{"href":"https:\/\/bioinfo.imdik.pan.pl\/coronavirus-service\/wp-json\/wp\/v2\/pages\/205"}],"collection":[{"href":"https:\/\/bioinfo.imdik.pan.pl\/coronavirus-service\/wp-json\/wp\/v2\/pages"}],"about":[{"href":"https:\/\/bioinfo.imdik.pan.pl\/coronavirus-service\/wp-json\/wp\/v2\/types\/page"}],"author":[{"embeddable":true,"href":"https:\/\/bioinfo.imdik.pan.pl\/coronavirus-service\/wp-json\/wp\/v2\/users\/5"}],"replies":[{"embeddable":true,"href":"https:\/\/bioinfo.imdik.pan.pl\/coronavirus-service\/wp-json\/wp\/v2\/comments?post=205"}],"version-history":[{"count":6,"href":"https:\/\/bioinfo.imdik.pan.pl\/coronavirus-service\/wp-json\/wp\/v2\/pages\/205\/revisions"}],"predecessor-version":[{"id":245,"href":"https:\/\/bioinfo.imdik.pan.pl\/coronavirus-service\/wp-json\/wp\/v2\/pages\/205\/revisions\/245"}],"up":[{"embeddable":true,"href":"https:\/\/bioinfo.imdik.pan.pl\/coronavirus-service\/wp-json\/wp\/v2\/pages\/26"}],"wp:attachment":[{"href":"https:\/\/bioinfo.imdik.pan.pl\/coronavirus-service\/wp-json\/wp\/v2\/media?parent=205"}],"curies":[{"name":"wp","href":"https:\/\/api.w.org\/{rel}","templated":true}]}}