{"id":186,"date":"2020-07-15T17:23:34","date_gmt":"2020-07-15T17:23:34","guid":{"rendered":"https:\/\/bioinfo.imdik.pan.pl\/covid19\/?page_id=186"},"modified":"2020-08-21T19:40:48","modified_gmt":"2020-08-21T19:40:48","slug":"wirusy","status":"publish","type":"page","link":"https:\/\/bioinfo.imdik.pan.pl\/coronavirus-service\/mesmerize\/wirusy\/","title":{"rendered":"Wirusy"},"content":{"rendered":"\n<p class=\"has-text-align-left\">Wirusy (\u0142ac. <em>virus <\/em>\u2013 trucizna) to cz\u0105steczki organiczne niewielkich rozmiar\u00f3w, zbudowane z bia\u0142ek, lipid\u00f3w i kwas\u00f3w nukleinowych, kt\u00f3re nie posiadaj\u0105 struktury kom\u00f3rkowej. Wykazuj\u0105 cechy zar\u00f3wno materii nieo\u017cywionej, jak i organizm\u00f3w \u017cywych. Ich materia\u0142 genetyczny zawarty jest, w zale\u017cno\u015bci od ich rodzaju, w kwasie rybonukleinowym (RNA) lub deoksyrybonukleinowym (DNA). Zwi\u0119kszaj\u0105 swoj\u0105 populacj\u0119 podczas infekcji \u017cywych kom\u00f3rek, s\u0105 wewn\u0105trzkom\u00f3rkowymi paso\u017cytami. Pojedyncza, kompletna cz\u0105steczka wirusa, zwana jest wirionem i sk\u0142ada si\u0119 z kwasu nukleinowego oraz kapsydu. Niekt\u00f3re wirusy wyposa\u017cone s\u0105 dodatkowo w otoczk\u0119 lipidow\u0105, pochodz\u0105c\u0105 z b\u0142on kom\u00f3rki gospodarza.<\/p>\n\n\n\n<p>Zaka\u017cenie kom\u00f3rki wirusem rozpoczyna si\u0119 od procesu adsorpcji, a wi\u0119c przylgni\u0119cia do powierzchni kom\u00f3rki w miejscu odpowiedniego receptora. Nast\u0119pnie w procesie penetracji, wirus wnika do wn\u0119trza kom\u00f3rki &#8211; penetracja wirusa odbywa si\u0119 przy u\u017cyciu jednego z trzech sposob\u00f3w: fuzji, wiropekcji lub endocytozy. W kom\u00f3rce wirus ulega odp\u0142aszczeniu, uwalniaj\u0105c przy tym sw\u00f3j materia\u0142 genetyczny. Niekiedy w fazie pre-replikacyjnej nast\u0119puje produkcja bia\u0142ek wczesnych, niezb\u0119dnych do prawid\u0142owego zaj\u015bcia procesu replikacji &#8211; bia\u0142ka te potrafi\u0105 tak\u017ce zmienia\u0107 metabolizm kom\u00f3rki, aby jak najlepiej dostosowa\u0107 &#8220;\u015brodowisko&#8221; do potrzeb wirusa. Proces replikacji zachodzi w r\u00f3\u017cny spos\u00f3b, ze wzgl\u0119du na r\u00f3\u017cnice w rodzajach wirus\u00f3w. To w\u0142a\u015bnie podczas tego procesu, mo\u017ce zaj\u015b\u0107 integracja genomu wirusa z genomem gospodarza.<\/p>\n\n\n\n<div class=\"wp-block-image\"><figure class=\"alignleft size-large\"><img loading=\"lazy\" width=\"800\" height=\"533\" src=\"https:\/\/bioinfo.imdik.pan.pl\/covid19\/wp-content\/uploads\/2020\/07\/Replikacja_wirusa_SARS-CoV-2_pl.jpg\" alt=\"\" class=\"wp-image-190\" srcset=\"https:\/\/bioinfo.imdik.pan.pl\/coronavirus-service\/wp-content\/uploads\/2020\/07\/Replikacja_wirusa_SARS-CoV-2_pl.jpg 800w, https:\/\/bioinfo.imdik.pan.pl\/coronavirus-service\/wp-content\/uploads\/2020\/07\/Replikacja_wirusa_SARS-CoV-2_pl-300x200.jpg 300w, https:\/\/bioinfo.imdik.pan.pl\/coronavirus-service\/wp-content\/uploads\/2020\/07\/Replikacja_wirusa_SARS-CoV-2_pl-768x512.jpg 768w\" sizes=\"(max-width: 800px) 100vw, 800px\" \/><figcaption>Rysunek 1. Schemat cyklu replikacyjnego wirusa SARS-CoV 2. <sup>[1]&nbsp;<\/sup><\/figcaption><\/figure><\/div>\n\n\n\n<p>Miejsce replikacji danego wirusa zale\u017cy od formy jego materia\u0142u genetycznego &#8211; grupa wirus\u00f3w RNA podlega replikacji w cytoplazmie, natomiast te zawieraj\u0105ce DNA, replikuj\u0105 si\u0119 w j\u0105drze kom\u00f3rkowym. Infekcj\u0105 produktywn\u0105 nazywany jest proces infekcji kom\u00f3rki wirusem, kt\u00f3ry ko\u0144czy si\u0119 jego namno\u017ceniem. Powielanie si\u0119 wirus\u00f3w ma charakter zgo\u0142a inny ni\u017c podzia\u0142 kom\u00f3rkowym &#8211; podczas ich namna\u017cania zachodzi proces produkcji element\u00f3w wirionu, a nast\u0119pnie z\u0142o\u017cenie z poszczeg\u00f3lnych element\u00f3w cz\u0105steczki potomnej.&nbsp;<\/p>\n\n\n\n<p>W cyklu replikacyjnym wyr\u00f3\u017cnia si\u0119 nast\u0119puj\u0105ce etapy:<\/p>\n\n\n\n<ul><li>adsorpcja wirusa do kom\u00f3rki<\/li><li>penetracja (wnikanie do kom\u00f3rki)<\/li><li>powielanie komponent\u00f3w wirusa<\/li><li>sk\u0142adanie cz\u0105stek wirusowych<\/li><li>uwalnianie potomnych wirion\u00f3w z kom\u00f3rki<\/li><\/ul>\n\n\n\n<p>Proces namna\u017cania si\u0119 wirus\u00f3w, zale\u017cy od rodzaju kwasu nukleinowego, znajduj\u0105cego si\u0119 w jego wirionie. Poni\u017cej przedstawiono kr\u00f3tkie opisy proces\u00f3w replikacji wirus\u00f3w, reprezentuj\u0105cych r\u00f3\u017cn\u0105 form\u0119 materia\u0142u genetycznego.&nbsp;&nbsp;<\/p>\n\n\n\n<ul><li>Wirusy zawieraj\u0105ce dwuniciowy kwas deoksyrybonukleinowy (dsDNA) po wnikni\u0119ciu do kom\u00f3rki rozpoczynaj\u0105 syntez\u0119 wczesnego-mRNA na matrycy DNA, pochodz\u0105cej&nbsp; z wirionu. Zakodowana DNA-zale\u017cna polimeraza powiela wirusow\u0105 informacj\u0119 genetyczn\u0105, kt\u00f3ra nast\u0119pnie stanowi podstaw\u0119 syntezy p\u00f3\u017anego-mRNA, kt\u00f3ry koduje kapsomery oraz inne bia\u0142ka uczestnicz\u0105ce w sk\u0142adaniu wirion\u00f3w.&nbsp;<\/li><li>Wirusy zawieraj\u0105ce jednoniciowy kwas deoksyrybonukleinowy (ssDNA), mog\u0105 charakteryzowa\u0107 si\u0119 zar\u00f3wno dodatni\u0105, jak i ujemn\u0105 polarno\u015bci\u0105. Starter w procesie replikacji tego typu wirus\u00f3w, stanowi charakterystyczna p\u0119tla, powsta\u0142a z zawini\u0119tego ko\u0144ca liniowej cz\u0105steczki DNA. Skomplikowany proces replikacji powiela wielokrotnie materia\u0142 genetyczny, kt\u00f3ry nast\u0119pnie zostaje rozdzielony i ci\u0119ty przy u\u017cyciu nukleaz.&nbsp;<\/li><li>Wirusy zawieraj\u0105ce jednoniciowy kwas rybonukleinowy (ssRNA) o dodatniej polarno\u015bci, po wnikni\u0119ciu do kom\u00f3rki gospodarza, rozpoczynaj\u0105 syntez\u0119 bia\u0142ek bezpo\u015brednio ze swojej genomowej informacji genetycznej. Nast\u0119pnie powstaje dwuniciowa ni\u0107 kwasu rybonukleinowego, kt\u00f3ra sk\u0142ada si\u0119 z RNA genomowego i komplementarnej do niego nici ujemnie spolaryzowanej, i kt\u00f3ra stanowi matryc\u0119 do produkcji wielu kopii genomowego ssRNA(+).<\/li><li>W przypadku wirus\u00f3w zawieraj\u0105cych jednoniciowy kwas rybonukleinowy (ssRNA) o ujemnej polarno\u015bci, w pierwszym kroku po wnikni\u0119ciu do kom\u00f3rki gospodarza, musi doj\u015b\u0107 do syntezy mRNA, kt\u00f3re b\u0119d\u0105 stanowi\u0142y matryc\u0119 do produkcji bia\u0142ka. W licznych procesach powstaje tak\u017ce po\u015brednia forma dwuniciowa, kt\u00f3ra s\u0142u\u017cy do powstania licznych genom\u00f3w RNA(-).<\/li><li>Replikacja retrowirus\u00f3w opiera si\u0119 na przepisaniu informacji genetycznej zawartej w wirusowym RNA na DNA, za pomoc\u0105 odwrotnej transkryptazy. Do powsta\u0142ego jednoniciowego DNA, syntetyzowana jest komplementarna ni\u0107, natomiast nowo powsta\u0142y dwuniciowy DNA integruje si\u0119 z genomem gospodarza, tworz\u0105c tzw. protowirusa. Kwas deoksyrybonukleinowy protowirusa stanowi podstaw\u0119 zar\u00f3wno do wytworzenia mRNA dla bia\u0142ek wirusowych, ale r\u00f3wnie\u017c do syntezy genom\u00f3w RNA.<\/li><\/ul>\n\n\n\n<h2>Bibliografia:<\/h2>\n\n\n\n<p>[1] <a href=\"https:\/\/pl.wikipedia.org\/wiki\/SARS-CoV-2\">https:\/\/pl.wikipedia.org\/wiki\/SARS-CoV-2<\/a><\/p>\n\n\n\n<p>[2] Bienz K.A., <em>Wirusologia og\u00f3lna<\/em>, [w:] P.B. Heczko, A. Pietrzyk (red.), <em>Mikrobiologia lekarska<\/em>, wyd. I, Warszawa: Wydawnictwo Lekarskie PZWL, 2007, <a href=\"https:\/\/pl.wikipedia.org\/wiki\/Specjalna:Ksi%C4%85%C5%BCki\/9788320031546\">ISBN 978-83-200-3154-6<\/a>.<\/p>\n\n\n\n<p>[3] <a href=\"https:\/\/www.doctormed.pl\/info\/interna\/wirusy-lac-virus-trucizna\/\">https:\/\/www.doctormed.pl\/info\/interna\/wirusy-lac-virus-trucizna\/<\/a><\/p>\n\n\n\n<p>[4] Cann A.J., <em>Principles of Molecular Virology<\/em>, wyd. IV, Elsevier, 2005, <a href=\"https:\/\/pl.wikipedia.org\/wiki\/Specjalna:Ksi%C4%85%C5%BCki\/0120887878\">ISBN 0-12-088787-8<\/a>.<\/p>\n\n\n\n<p><\/p>\n","protected":false},"excerpt":{"rendered":"<p>Wirusy (\u0142ac. virus \u2013 trucizna) to cz\u0105steczki organiczne niewielkich rozmiar\u00f3w, zbudowane z bia\u0142ek, lipid\u00f3w i kwas\u00f3w nukleinowych, kt\u00f3re nie posiadaj\u0105 struktury kom\u00f3rkowej. Wykazuj\u0105 cechy zar\u00f3wno materii nieo\u017cywionej, jak i organizm\u00f3w \u017cywych. Ich materia\u0142 genetyczny zawarty jest, w zale\u017cno\u015bci od ich rodzaju, w kwasie rybonukleinowym (RNA) lub deoksyrybonukleinowym (DNA). Zwi\u0119kszaj\u0105 swoj\u0105 populacj\u0119 podczas infekcji \u017cywych kom\u00f3rek,&hellip; <br \/> <a class=\"read-more\" href=\"https:\/\/bioinfo.imdik.pan.pl\/coronavirus-service\/mesmerize\/wirusy\/\">Read more<\/a><\/p>\n","protected":false},"author":5,"featured_media":162,"parent":26,"menu_order":0,"comment_status":"closed","ping_status":"closed","template":"","meta":[],"_links":{"self":[{"href":"https:\/\/bioinfo.imdik.pan.pl\/coronavirus-service\/wp-json\/wp\/v2\/pages\/186"}],"collection":[{"href":"https:\/\/bioinfo.imdik.pan.pl\/coronavirus-service\/wp-json\/wp\/v2\/pages"}],"about":[{"href":"https:\/\/bioinfo.imdik.pan.pl\/coronavirus-service\/wp-json\/wp\/v2\/types\/page"}],"author":[{"embeddable":true,"href":"https:\/\/bioinfo.imdik.pan.pl\/coronavirus-service\/wp-json\/wp\/v2\/users\/5"}],"replies":[{"embeddable":true,"href":"https:\/\/bioinfo.imdik.pan.pl\/coronavirus-service\/wp-json\/wp\/v2\/comments?post=186"}],"version-history":[{"count":5,"href":"https:\/\/bioinfo.imdik.pan.pl\/coronavirus-service\/wp-json\/wp\/v2\/pages\/186\/revisions"}],"predecessor-version":[{"id":335,"href":"https:\/\/bioinfo.imdik.pan.pl\/coronavirus-service\/wp-json\/wp\/v2\/pages\/186\/revisions\/335"}],"up":[{"embeddable":true,"href":"https:\/\/bioinfo.imdik.pan.pl\/coronavirus-service\/wp-json\/wp\/v2\/pages\/26"}],"wp:featuredmedia":[{"embeddable":true,"href":"https:\/\/bioinfo.imdik.pan.pl\/coronavirus-service\/wp-json\/wp\/v2\/media\/162"}],"wp:attachment":[{"href":"https:\/\/bioinfo.imdik.pan.pl\/coronavirus-service\/wp-json\/wp\/v2\/media?parent=186"}],"curies":[{"name":"wp","href":"https:\/\/api.w.org\/{rel}","templated":true}]}}